{"id":376,"date":"2013-01-13T14:21:38","date_gmt":"2013-01-13T14:21:38","guid":{"rendered":"http:\/\/thinkupthemes.com\/?page_id=376"},"modified":"2025-03-05T18:14:36","modified_gmt":"2025-03-05T18:14:36","slug":"productos","status":"publish","type":"page","link":"https:\/\/bateriaspanasonic.com.pe\/index.php\/productos\/","title":{"rendered":"Productos"},"content":{"rendered":"<div id=\"pg-376-0\"  class=\"panel-grid\" ><div class=\"panel-grid-core\"><div id=\"pgc-376-0-0\"  class=\"panel-grid-cell\" ><div class=\"panel-widget-style\" ><div id=\"accordion-thinkupshortcodesthinkup_builder_toggle\" class=\"accordion style1\"><div class=\"accordion-group\"><div class=\"accordion-heading\"><a class=\"accordion-toggle\" data-toggle=\"collapse\" data-parent=\"#accordion-thinkupshortcodesthinkup_builder_toggle\" href=\"#thinkupshortcodesthinkup_builder_toggle-0\">RECONOCIDA MARCA INTERNACIONAL (+)<\/a><\/div><div id=\"thinkupshortcodesthinkup_builder_toggle-0\" class=\"accordion-body collapse in\"><div class=\"accordion-inner\">Somos importadores de <strong>Bater\u00edas PANASONIC,<\/strong> marca genuina Japonesa, autopart original de veh\u00edculos Japoneses\n\nLa reconocida marca a nivel mundial, trayendo al Per\u00fa productos con los m\u00e1s altos est\u00e1ndares de calidad <strong>ISO 9001 \u2013 ISO 14001.<\/strong><\/div><\/div><\/div><div class=\"accordion-group\"><div class=\"accordion-heading\"><a class=\"accordion-toggle collapsed\" data-toggle=\"collapse\" data-parent=\"#accordion-thinkupshortcodesthinkup_builder_toggle\" href=\"#thinkupshortcodesthinkup_builder_toggle-1\">\u00a1STAFF ALTAMENTE CALIFICADO! (+)<\/a><\/div><div id=\"thinkupshortcodesthinkup_builder_toggle-1\" class=\"accordion-body collapse\"><div class=\"accordion-inner\">La <strong>mejor asistencia y servicio t\u00e9cnico,<\/strong> equipados con tecnolog\u00eda moderna digital de vanguardia.<\/div><\/div><\/div><div class=\"accordion-group\"><div class=\"accordion-heading\"><a class=\"accordion-toggle collapsed\" data-toggle=\"collapse\" data-parent=\"#accordion-thinkupshortcodesthinkup_builder_toggle\" href=\"#thinkupshortcodesthinkup_builder_toggle-2\">PRODUCTOS 100% ORIGINALES (+)<\/a><\/div><div id=\"thinkupshortcodesthinkup_builder_toggle-2\" class=\"accordion-body collapse\"><div class=\"accordion-inner\">Nuestras bater\u00edas son <strong>100% ORIGINALES<\/strong> para veh\u00edculos de Jap\u00f3n, Corea y China con los m\u00e1s altos est\u00e1ndares de calidad <strong>ISO 9001 \u2013 ISO 14001.<\/strong><\/div><\/div><\/div><div class=\"accordion-group\"><div class=\"accordion-heading\"><a class=\"accordion-toggle collapsed\" data-toggle=\"collapse\" data-parent=\"#accordion-thinkupshortcodesthinkup_builder_toggle\" href=\"#thinkupshortcodesthinkup_builder_toggle-3\">AMPLIA RED DE TIENDAS (+)<\/a><\/div><div id=\"thinkupshortcodesthinkup_builder_toggle-3\" class=\"accordion-body collapse\"><div class=\"accordion-inner\">Contamos con una gran <strong>red de tiendas<\/strong> a nivel nacional donde podr\u00e1s encontrar nuestros productos <strong>ORIGINALES.<\/strong><\/div><\/div><\/div><\/div><\/div><\/div><div id=\"pgc-376-0-1\"  class=\"panel-grid-cell\" ><div class=\"panel-widget-style\" ><div class=\"animated start-bounceIn\" title=\"\"><p style=\"text-align: left;\"><a href=\"https:\/\/bateriaspanasonic.com.pe\/wp-content\/uploads\/2025\/03\/catalogo_BATERIAS_PANASONIC_EL_EXTRA_2024.pdf\"><img decoding=\"async\" src=\"https:\/\/bateriaspanasonic.com.pe\/wp-content\/uploads\/2024\/06\/catalogo_baterias_download.png\" alt=\"\" style=\"\" \/><\/a><\/p><\/div><div class=\"clearboth\"><\/div><\/div><\/div><\/div><\/div><div id=\"pg-376-1\"  class=\"panel-grid\" ><div class=\"panel-grid-core\"><div id=\"pgc-376-1-0\"  class=\"panel-grid-cell\" ><div class=\"panel-widget-style\" >\t\t\t<div class=\"textwidget\"><p>Con <strong>40 a\u00f1os<\/strong> de experiencia, <strong>Corporaci\u00f3n Panasonic<\/strong> y las m\u00e1s grandes empresas en Bater\u00edas del Per\u00fa, <strong>El Extra Soluciones de Energ\u00eda S.A.C.<\/strong> &amp;<strong> X-Tra Plus Soluciones de Energ\u00eda S.A.C.<\/strong> incorporan a su l\u00ednea de distribuci\u00f3n a <strong>Bater\u00edas PANASONIC,<\/strong> marca genuina Japonesa, autopart original de veh\u00edculos japoneses como:<\/p>\n<p>As\u00ed mismo la alta capacidad y amperaje de la marca es de la preferencia en veh\u00edculos de Alta Gama de todo el mundo como:<\/p>\n<ul>\n<li><strong>EE.UU<\/strong> <em>(Chevrolet, Hummer, Jeep, Ford, Dodge)<\/em><\/li>\n<li><strong>Alemania<\/strong> <em>(Volkswagen, Mercedes Benz, Audi, BMW, Porsche)<\/em><\/li>\n<li><strong>Italia<\/strong><em> (Lamborghini, Ferrari)<\/em><\/li>\n<li><strong>Francia<\/strong> <em>(Renault, Peugeot)<\/em><\/li>\n<li><strong>Espa\u00f1a<\/strong> <em>(Seat)<\/em><\/li>\n<li><strong>Suecia<\/strong> <em>(Volvo)<\/em><\/li>\n<li><strong>Corea<\/strong> <em>(Hyundai y Kia)<\/em><\/li>\n<li><strong>India<\/strong><\/li>\n<li><strong>China<\/strong><\/li>\n<\/ul>\n<\/div>\n\t\t<\/div><\/div><div id=\"pgc-376-1-1\"  class=\"panel-grid-cell\" ><div class=\"panel-widget-style\" ><p style=\"\"><img decoding=\"async\" src=\"https:\/\/bateriaspanasonic.com.pe\/wp-content\/uploads\/2024\/07\/oficina_panasonic.jpg\" alt=\"\" style=\"\" \/><\/p><\/div><\/div><\/div><\/div><div id=\"pg-376-2\"  class=\"panel-grid\" ><div class=\"panel-grid-core\"><div id=\"pgc-376-2-0\"  class=\"panel-grid-cell\" ><div class=\"panel-widget-style\" style=\"text-align: center !important;\" ><p style=\"text-align: center;\"><img decoding=\"async\" src=\"https:\/\/bateriaspanasonic.com.pe\/wp-content\/uploads\/2024\/06\/logos_autos.png\" alt=\"\" style=\"\" \/><\/p><\/div><\/div><\/div><\/div>","protected":false},"excerpt":{"rendered":"<p>Con 40 a\u00f1os de experiencia, Corporaci\u00f3n Panasonic y las m\u00e1s grandes empresas en Bater\u00edas del Per\u00fa, El Extra Soluciones de Energ\u00eda S.A.C. &amp; X-Tra Plus Soluciones de Energ\u00eda S.A.C. incorporan a su l\u00ednea de distribuci\u00f3n a Bater\u00edas PANASONIC, marca genuina Japonesa, autopart original de veh\u00edculos japoneses como: As\u00ed mismo la alta capacidad y amperaje de [&hellip;]<\/p>\n","protected":false},"author":1,"featured_media":0,"parent":0,"menu_order":0,"comment_status":"open","ping_status":"closed","template":"","meta":{"footnotes":""},"categories":[],"tags":[],"class_list":["post-376","page","type-page","status-publish","hentry","blog-style1"],"_links":{"self":[{"href":"https:\/\/bateriaspanasonic.com.pe\/index.php\/wp-json\/wp\/v2\/pages\/376","targetHints":{"allow":["GET"]}}],"collection":[{"href":"https:\/\/bateriaspanasonic.com.pe\/index.php\/wp-json\/wp\/v2\/pages"}],"about":[{"href":"https:\/\/bateriaspanasonic.com.pe\/index.php\/wp-json\/wp\/v2\/types\/page"}],"author":[{"embeddable":true,"href":"https:\/\/bateriaspanasonic.com.pe\/index.php\/wp-json\/wp\/v2\/users\/1"}],"replies":[{"embeddable":true,"href":"https:\/\/bateriaspanasonic.com.pe\/index.php\/wp-json\/wp\/v2\/comments?post=376"}],"version-history":[{"count":6,"href":"https:\/\/bateriaspanasonic.com.pe\/index.php\/wp-json\/wp\/v2\/pages\/376\/revisions"}],"predecessor-version":[{"id":9704,"href":"https:\/\/bateriaspanasonic.com.pe\/index.php\/wp-json\/wp\/v2\/pages\/376\/revisions\/9704"}],"wp:attachment":[{"href":"https:\/\/bateriaspanasonic.com.pe\/index.php\/wp-json\/wp\/v2\/media?parent=376"}],"wp:term":[{"taxonomy":"category","embeddable":true,"href":"https:\/\/bateriaspanasonic.com.pe\/index.php\/wp-json\/wp\/v2\/categories?post=376"},{"taxonomy":"post_tag","embeddable":true,"href":"https:\/\/bateriaspanasonic.com.pe\/index.php\/wp-json\/wp\/v2\/tags?post=376"}],"curies":[{"name":"wp","href":"https:\/\/api.w.org\/{rel}","templated":true}]}}